{"id":92,"date":"2022-12-15T23:40:52","date_gmt":"2022-12-15T23:40:52","guid":{"rendered":"https:\/\/89ajans.com\/?page_id=92"},"modified":"2026-04-09T09:14:44","modified_gmt":"2026-04-09T09:14:44","slug":"iletisim-2","status":"publish","type":"page","link":"https:\/\/89ajans.com\/index.php\/iletisim-2\/","title":{"rendered":"\u0130leti\u015fim"},"content":{"rendered":"\n<p>Adres :Cumhuriyet Bulvar\u0131 Akdeniz Mahallesi No:71 K:2 D:201 &#8211; K:6 D:601 Pasaport \/ \u0130ZM\u0130R<\/p>\n\n\n\n<p>89 D\u0130J\u0130TAL REKLAM AJANSI<\/p>\n\n\n\n<div class=\"guten-element guten-D71whO guten-icon-box icon-position-undefined\"><div class=\"guten-icon-box-wrapper hover-from-left\"><div class=\"icon-box icon-box-header\"><div class=\"icon style-color\"><a class=\"\" href=\"tel:+905327473383\"><i class=\"gtn gtn-phone-call1-light\"><\/i><\/a><\/div><\/div><div class=\"icon-box icon-box-body\"><a class=\"\" href=\"tel:+905327473383\"><h2 class=\"title\">TELEFON<\/h2><\/a><p class=\"icon-box-description\">++90 532 747 33 83<\/p><\/div><\/div><\/div>\n\n\n\n<div class=\"guten-element guten-DLFwvA guten-icon-box icon-position-undefined\"><div class=\"guten-icon-box-wrapper hover-from-left\"><div class=\"icon-box icon-box-header\"><div class=\"icon style-color\"><a class=\"\" href=\"mailto:info@89ajans.com\"><i class=\"gtn gtn-email-light\"><\/i><\/a><\/div><\/div><div class=\"icon-box icon-box-body\"><a class=\"\" href=\"mailto:info@89ajans.com\"><h2 class=\"title\">MA\u0130L<\/h2><\/a><p class=\"icon-box-description\">info@89ajans.com<\/p><\/div><\/div><\/div>\n\n\n\n<div class=\"guten-element gutenverse-maps guten-gjgOeL\"><iframe frameborder=\"0\" scrolling=\"no\" marginheight=\"0\" marginwidth=\"0\" src=\"https:\/\/maps.google.com\/maps?q=AYTEK%C4%B0N%20APT%20%C4%B0ZM%C4%B0R%20KONAK%20PASAPORT&amp;z=12&amp;t=m&amp;output=embed&amp;iwloc=near\" title=\"AYTEK\u0130N APT \u0130ZM\u0130R KONAK PASAPORT\"><\/iframe><\/div>\n\n\n\n<div class=\"guten-element guten-aZnWZo guten-fun-fact align-center hover-from-left\"><div class=\"fun-fact-inner\"><div class=\"icon\"><i class=\"fas fa-grip-horizontal\"><\/i><\/div><div class=\"content\"><div class=\"number-wrapper\"><span class=\"prefix\"> <\/span><span class=\"number loaded\" data-number=\"247\" data-duration=\"3500\"><\/span><span class=\"suffix\">Mutlu M\u00fc\u015fteri<\/span><\/div><span class=\"title\">89 AJANS<\/span><\/div><\/div><\/div>\n","protected":false},"excerpt":{"rendered":"<p>Adres :Cumhuriyet Bulvar\u0131 Akdeniz Mahallesi No:71 K:2 D:201 &#8211; K:6 D:601 Pasaport \/ \u0130ZM\u0130R 89 D\u0130J\u0130TAL REKLAM AJANSI<\/p>\n","protected":false},"author":1,"featured_media":0,"parent":0,"menu_order":0,"comment_status":"closed","ping_status":"closed","template":"","meta":{"_joinchat":[],"footnotes":""},"yoast_head":"<!-- This site is optimized with the Yoast SEO plugin v22.9 - https:\/\/yoast.com\/wordpress\/plugins\/seo\/ -->\n<title>\u0130leti\u015fim - 89 D\u0130J\u0130TAL<\/title>\n<meta name=\"robots\" content=\"index, follow, max-snippet:-1, max-image-preview:large, max-video-preview:-1\" \/>\n<link rel=\"canonical\" href=\"https:\/\/89ajans.com\/index.php\/iletisim-2\/\" \/>\n<meta property=\"og:locale\" content=\"tr_TR\" \/>\n<meta property=\"og:type\" content=\"article\" \/>\n<meta property=\"og:title\" content=\"\u0130leti\u015fim - 89 D\u0130J\u0130TAL\" \/>\n<meta property=\"og:description\" content=\"Adres :Cumhuriyet Bulvar\u0131 Akdeniz Mahallesi No:71 K:2 D:201 &#8211; K:6 D:601 Pasaport \/ \u0130ZM\u0130R 89 D\u0130J\u0130TAL REKLAM AJANSI\" \/>\n<meta property=\"og:url\" content=\"https:\/\/89ajans.com\/index.php\/iletisim-2\/\" \/>\n<meta property=\"og:site_name\" content=\"89 D\u0130J\u0130TAL\" \/>\n<meta property=\"article:modified_time\" content=\"2026-04-09T09:14:44+00:00\" \/>\n<meta name=\"twitter:card\" content=\"summary_large_image\" \/>\n<meta name=\"twitter:label1\" content=\"Tahmini okuma s\u00fcresi\" \/>\n\t<meta name=\"twitter:data1\" content=\"1 dakika\" \/>\n<script type=\"application\/ld+json\" class=\"yoast-schema-graph\">{\"@context\":\"https:\/\/schema.org\",\"@graph\":[{\"@type\":\"WebPage\",\"@id\":\"https:\/\/89ajans.com\/index.php\/iletisim-2\/\",\"url\":\"https:\/\/89ajans.com\/index.php\/iletisim-2\/\",\"name\":\"\u0130leti\u015fim - 89 D\u0130J\u0130TAL\",\"isPartOf\":{\"@id\":\"https:\/\/89ajans.com\/#website\"},\"datePublished\":\"2022-12-15T23:40:52+00:00\",\"dateModified\":\"2026-04-09T09:14:44+00:00\",\"breadcrumb\":{\"@id\":\"https:\/\/89ajans.com\/index.php\/iletisim-2\/#breadcrumb\"},\"inLanguage\":\"tr\",\"potentialAction\":[{\"@type\":\"ReadAction\",\"target\":[\"https:\/\/89ajans.com\/index.php\/iletisim-2\/\"]}]},{\"@type\":\"BreadcrumbList\",\"@id\":\"https:\/\/89ajans.com\/index.php\/iletisim-2\/#breadcrumb\",\"itemListElement\":[{\"@type\":\"ListItem\",\"position\":1,\"name\":\"Anasayfa\",\"item\":\"https:\/\/89ajans.com\/\"},{\"@type\":\"ListItem\",\"position\":2,\"name\":\"\u0130leti\u015fim\"}]},{\"@type\":\"WebSite\",\"@id\":\"https:\/\/89ajans.com\/#website\",\"url\":\"https:\/\/89ajans.com\/\",\"name\":\"www.89ajans.com\",\"description\":\"REKLAM AJANSI\",\"publisher\":{\"@id\":\"https:\/\/89ajans.com\/#organization\"},\"potentialAction\":[{\"@type\":\"SearchAction\",\"target\":{\"@type\":\"EntryPoint\",\"urlTemplate\":\"https:\/\/89ajans.com\/?s={search_term_string}\"},\"query-input\":\"required name=search_term_string\"}],\"inLanguage\":\"tr\"},{\"@type\":\"Organization\",\"@id\":\"https:\/\/89ajans.com\/#organization\",\"name\":\"89 AJANS\",\"url\":\"https:\/\/89ajans.com\/\",\"logo\":{\"@type\":\"ImageObject\",\"inLanguage\":\"tr\",\"@id\":\"https:\/\/89ajans.com\/#\/schema\/logo\/image\/\",\"url\":\"https:\/\/89ajans.com\/wp-content\/uploads\/2022\/12\/cropped-profil-1.jpg\",\"contentUrl\":\"https:\/\/89ajans.com\/wp-content\/uploads\/2022\/12\/cropped-profil-1.jpg\",\"width\":512,\"height\":512,\"caption\":\"89 AJANS\"},\"image\":{\"@id\":\"https:\/\/89ajans.com\/#\/schema\/logo\/image\/\"},\"sameAs\":[\"https:\/\/www.instagram.com\/89ajans\/\"]}]}<\/script>\n<!-- \/ Yoast SEO plugin. -->","yoast_head_json":{"title":"\u0130leti\u015fim - 89 D\u0130J\u0130TAL","robots":{"index":"index","follow":"follow","max-snippet":"max-snippet:-1","max-image-preview":"max-image-preview:large","max-video-preview":"max-video-preview:-1"},"canonical":"https:\/\/89ajans.com\/index.php\/iletisim-2\/","og_locale":"tr_TR","og_type":"article","og_title":"\u0130leti\u015fim - 89 D\u0130J\u0130TAL","og_description":"Adres :Cumhuriyet Bulvar\u0131 Akdeniz Mahallesi No:71 K:2 D:201 &#8211; K:6 D:601 Pasaport \/ \u0130ZM\u0130R 89 D\u0130J\u0130TAL REKLAM AJANSI","og_url":"https:\/\/89ajans.com\/index.php\/iletisim-2\/","og_site_name":"89 D\u0130J\u0130TAL","article_modified_time":"2026-04-09T09:14:44+00:00","twitter_card":"summary_large_image","twitter_misc":{"Tahmini okuma s\u00fcresi":"1 dakika"},"schema":{"@context":"https:\/\/schema.org","@graph":[{"@type":"WebPage","@id":"https:\/\/89ajans.com\/index.php\/iletisim-2\/","url":"https:\/\/89ajans.com\/index.php\/iletisim-2\/","name":"\u0130leti\u015fim - 89 D\u0130J\u0130TAL","isPartOf":{"@id":"https:\/\/89ajans.com\/#website"},"datePublished":"2022-12-15T23:40:52+00:00","dateModified":"2026-04-09T09:14:44+00:00","breadcrumb":{"@id":"https:\/\/89ajans.com\/index.php\/iletisim-2\/#breadcrumb"},"inLanguage":"tr","potentialAction":[{"@type":"ReadAction","target":["https:\/\/89ajans.com\/index.php\/iletisim-2\/"]}]},{"@type":"BreadcrumbList","@id":"https:\/\/89ajans.com\/index.php\/iletisim-2\/#breadcrumb","itemListElement":[{"@type":"ListItem","position":1,"name":"Anasayfa","item":"https:\/\/89ajans.com\/"},{"@type":"ListItem","position":2,"name":"\u0130leti\u015fim"}]},{"@type":"WebSite","@id":"https:\/\/89ajans.com\/#website","url":"https:\/\/89ajans.com\/","name":"www.89ajans.com","description":"REKLAM AJANSI","publisher":{"@id":"https:\/\/89ajans.com\/#organization"},"potentialAction":[{"@type":"SearchAction","target":{"@type":"EntryPoint","urlTemplate":"https:\/\/89ajans.com\/?s={search_term_string}"},"query-input":"required name=search_term_string"}],"inLanguage":"tr"},{"@type":"Organization","@id":"https:\/\/89ajans.com\/#organization","name":"89 AJANS","url":"https:\/\/89ajans.com\/","logo":{"@type":"ImageObject","inLanguage":"tr","@id":"https:\/\/89ajans.com\/#\/schema\/logo\/image\/","url":"https:\/\/89ajans.com\/wp-content\/uploads\/2022\/12\/cropped-profil-1.jpg","contentUrl":"https:\/\/89ajans.com\/wp-content\/uploads\/2022\/12\/cropped-profil-1.jpg","width":512,"height":512,"caption":"89 AJANS"},"image":{"@id":"https:\/\/89ajans.com\/#\/schema\/logo\/image\/"},"sameAs":["https:\/\/www.instagram.com\/89ajans\/"]}]}},"jetpack_sharing_enabled":true,"_links":{"self":[{"href":"https:\/\/89ajans.com\/index.php\/wp-json\/wp\/v2\/pages\/92"}],"collection":[{"href":"https:\/\/89ajans.com\/index.php\/wp-json\/wp\/v2\/pages"}],"about":[{"href":"https:\/\/89ajans.com\/index.php\/wp-json\/wp\/v2\/types\/page"}],"author":[{"embeddable":true,"href":"https:\/\/89ajans.com\/index.php\/wp-json\/wp\/v2\/users\/1"}],"replies":[{"embeddable":true,"href":"https:\/\/89ajans.com\/index.php\/wp-json\/wp\/v2\/comments?post=92"}],"version-history":[{"count":13,"href":"https:\/\/89ajans.com\/index.php\/wp-json\/wp\/v2\/pages\/92\/revisions"}],"predecessor-version":[{"id":389,"href":"https:\/\/89ajans.com\/index.php\/wp-json\/wp\/v2\/pages\/92\/revisions\/389"}],"wp:attachment":[{"href":"https:\/\/89ajans.com\/index.php\/wp-json\/wp\/v2\/media?parent=92"}],"curies":[{"name":"wp","href":"https:\/\/api.w.org\/{rel}","templated":true}]}}