{"id":269,"date":"2022-12-22T14:13:19","date_gmt":"2022-12-22T14:13:19","guid":{"rendered":"https:\/\/89ajans.com\/?page_id=269"},"modified":"2024-10-09T16:16:15","modified_gmt":"2024-10-09T16:16:15","slug":"https-89ajans-com-index-php-2022-12-22-2023-dijital-pazarlama-trendleri","status":"publish","type":"page","link":"https:\/\/89ajans.com\/index.php\/https-89ajans-com-index-php-2022-12-22-2023-dijital-pazarlama-trendleri\/","title":{"rendered":"Blog"},"content":{"rendered":"\n<div class=\"guten-89liBS gutenverse-image-box guten-element style-default\"><div class=\"image-box-header\"><a class=\"\" href=\"https:\/\/89ajans.com\/index.php\/2022\/12\/22\/reklam-ajansi-secerken-nelere-dikkat-etmelisiniz\/\" target=\"_blank\" rel=\"noreferrer noopener\"><img fetchpriority=\"high\" decoding=\"async\" class=\"gutenverse-image-box-filled\" src=\"http:\/\/89ajans.com\/wp-content\/uploads\/2022\/12\/best-smm-company-7247903.png\" height=\"2247\" width=\"3000\"\/><\/a><\/div><div class=\"image-box-body\"><div class=\"body-inner\"><h3 class=\"body-title icon-position-before\"><a class=\"\" href=\"https:\/\/89ajans.com\/index.php\/2022\/12\/22\/reklam-ajansi-secerken-nelere-dikkat-etmelisiniz\/\" target=\"_blank\" rel=\"noreferrer noopener\"><i><\/i><span>Reklam Ajans\u0131 Se\u00e7erken Nelere Dikkat Etmelisiniz ?<\/span><\/a><\/h3><p class=\"body-description\"><br>Dijital \u00e7a\u011f ile birlikte i\u015finizi internet arac\u0131l\u0131\u011f\u0131yla bir\u00e7ok ki\u015fiye ula\u015ft\u0131rarak daha fazla m\u00fc\u015fteriye sahip olabilirsiniz. Marka bilinirli\u011fi..<\/p>\n<div class=\"guten-element guten-button-wrapper guten-fcADoa\"><a class=\"guten-button guten-button-sm\" href=\"https:\/\/89ajans.com\/index.php\/2022\/12\/22\/reklam-ajansi-secerken-nelere-dikkat-etmelisiniz\/\" target=\"_blank\" rel=\"noreferrer noopener\"><span>Devam\u0131..<\/span><\/a><\/div>\n<\/div><\/div><\/div>\n\n\n\n<div class=\"guten-n0ibJ1 gutenverse-image-box guten-element style-default\"><div class=\"image-box-header\"><a class=\"\" href=\"https:\/\/89ajans.com\/index.php\/2022\/12\/22\/2023-dijital-pazarlama-trendleri\/\" target=\"_blank\" rel=\"noreferrer noopener\"><img decoding=\"async\" class=\"gutenverse-image-box-filled\" src=\"http:\/\/89ajans.com\/wp-content\/uploads\/2022\/12\/business-3080799.png\" height=\"1080\" width=\"1920\"\/><\/a><\/div><div class=\"image-box-body\"><div class=\"body-inner\"><h3 class=\"body-title icon-position-before\"><a class=\"\" href=\"https:\/\/89ajans.com\/index.php\/2022\/12\/22\/2023-dijital-pazarlama-trendleri\/\" target=\"_blank\" rel=\"noreferrer noopener\"><i><\/i><span>2023 D\u0130J\u0130TAL PAZARLAMA TRENDLER\u0130<\/span><\/a><\/h3><p class=\"body-description\">Bir senenin daha sonuna yakla\u015f\u0131yoruz ve bu son 12 ay, b\u00fcy\u00fck sosyal a\u011flar ve\u00a0<a href=\"https:\/\/bionluk.com\/freelancer-bul\/internet-reklamciligi\"><mark style=\"background-color:rgba(0, 0, 0, 0)\" class=\"has-inline-color has-black-color\">dijital pazarlama<\/mark>\u00a0<\/a>trendleri i\u00e7in \u00f6yle ke\u015fmeke\u015f i\u00e7inde ge\u00e7ti ki! Meta kademeli d\u00fc\u015f\u00fc\u015f\u00fcn\u00fc s\u00fcrd\u00fcrd\u00fc, TikTok y\u00fckselmeye&#8230;<br><br><br><\/p>\n<div class=\"guten-element guten-button-wrapper guten-J2eBCN\"><a class=\"guten-button guten-button-sm\" href=\"https:\/\/89ajans.com\/index.php\/2022\/12\/22\/2023-dijital-pazarlama-trendleri\/\" target=\"_blank\" rel=\"noreferrer noopener\"><span>Devam\u0131<\/span><\/a><\/div>\n<\/div><\/div><\/div>\n","protected":false},"excerpt":{"rendered":"","protected":false},"author":1,"featured_media":0,"parent":0,"menu_order":0,"comment_status":"closed","ping_status":"closed","template":"","meta":{"_joinchat":[],"footnotes":""},"yoast_head":"<!-- This site is optimized with the Yoast SEO plugin v22.9 - https:\/\/yoast.com\/wordpress\/plugins\/seo\/ -->\n<title>Blog - 89 D\u0130J\u0130TAL<\/title>\n<meta name=\"robots\" content=\"index, follow, max-snippet:-1, max-image-preview:large, max-video-preview:-1\" \/>\n<link rel=\"canonical\" href=\"https:\/\/89ajans.com\/index.php\/https-89ajans-com-index-php-2022-12-22-2023-dijital-pazarlama-trendleri\/\" \/>\n<meta property=\"og:locale\" content=\"tr_TR\" \/>\n<meta property=\"og:type\" content=\"article\" \/>\n<meta property=\"og:title\" content=\"Blog - 89 D\u0130J\u0130TAL\" \/>\n<meta property=\"og:url\" content=\"https:\/\/89ajans.com\/index.php\/https-89ajans-com-index-php-2022-12-22-2023-dijital-pazarlama-trendleri\/\" \/>\n<meta property=\"og:site_name\" content=\"89 D\u0130J\u0130TAL\" \/>\n<meta property=\"article:modified_time\" content=\"2024-10-09T16:16:15+00:00\" \/>\n<meta property=\"og:image\" content=\"http:\/\/89ajans.com\/wp-content\/uploads\/2022\/12\/best-smm-company-7247903.png\" \/>\n<meta name=\"twitter:card\" content=\"summary_large_image\" \/>\n<meta name=\"twitter:label1\" content=\"Tahmini okuma s\u00fcresi\" \/>\n\t<meta name=\"twitter:data1\" content=\"1 dakika\" \/>\n<script type=\"application\/ld+json\" class=\"yoast-schema-graph\">{\"@context\":\"https:\/\/schema.org\",\"@graph\":[{\"@type\":\"WebPage\",\"@id\":\"https:\/\/89ajans.com\/index.php\/https-89ajans-com-index-php-2022-12-22-2023-dijital-pazarlama-trendleri\/\",\"url\":\"https:\/\/89ajans.com\/index.php\/https-89ajans-com-index-php-2022-12-22-2023-dijital-pazarlama-trendleri\/\",\"name\":\"Blog - 89 D\u0130J\u0130TAL\",\"isPartOf\":{\"@id\":\"https:\/\/89ajans.com\/#website\"},\"primaryImageOfPage\":{\"@id\":\"https:\/\/89ajans.com\/index.php\/https-89ajans-com-index-php-2022-12-22-2023-dijital-pazarlama-trendleri\/#primaryimage\"},\"image\":{\"@id\":\"https:\/\/89ajans.com\/index.php\/https-89ajans-com-index-php-2022-12-22-2023-dijital-pazarlama-trendleri\/#primaryimage\"},\"thumbnailUrl\":\"http:\/\/89ajans.com\/wp-content\/uploads\/2022\/12\/best-smm-company-7247903.png\",\"datePublished\":\"2022-12-22T14:13:19+00:00\",\"dateModified\":\"2024-10-09T16:16:15+00:00\",\"breadcrumb\":{\"@id\":\"https:\/\/89ajans.com\/index.php\/https-89ajans-com-index-php-2022-12-22-2023-dijital-pazarlama-trendleri\/#breadcrumb\"},\"inLanguage\":\"tr\",\"potentialAction\":[{\"@type\":\"ReadAction\",\"target\":[\"https:\/\/89ajans.com\/index.php\/https-89ajans-com-index-php-2022-12-22-2023-dijital-pazarlama-trendleri\/\"]}]},{\"@type\":\"ImageObject\",\"inLanguage\":\"tr\",\"@id\":\"https:\/\/89ajans.com\/index.php\/https-89ajans-com-index-php-2022-12-22-2023-dijital-pazarlama-trendleri\/#primaryimage\",\"url\":\"http:\/\/89ajans.com\/wp-content\/uploads\/2022\/12\/best-smm-company-7247903.png\",\"contentUrl\":\"http:\/\/89ajans.com\/wp-content\/uploads\/2022\/12\/best-smm-company-7247903.png\"},{\"@type\":\"BreadcrumbList\",\"@id\":\"https:\/\/89ajans.com\/index.php\/https-89ajans-com-index-php-2022-12-22-2023-dijital-pazarlama-trendleri\/#breadcrumb\",\"itemListElement\":[{\"@type\":\"ListItem\",\"position\":1,\"name\":\"Anasayfa\",\"item\":\"https:\/\/89ajans.com\/\"},{\"@type\":\"ListItem\",\"position\":2,\"name\":\"Blog\"}]},{\"@type\":\"WebSite\",\"@id\":\"https:\/\/89ajans.com\/#website\",\"url\":\"https:\/\/89ajans.com\/\",\"name\":\"www.89ajans.com\",\"description\":\"REKLAM AJANSI\",\"publisher\":{\"@id\":\"https:\/\/89ajans.com\/#organization\"},\"potentialAction\":[{\"@type\":\"SearchAction\",\"target\":{\"@type\":\"EntryPoint\",\"urlTemplate\":\"https:\/\/89ajans.com\/?s={search_term_string}\"},\"query-input\":\"required name=search_term_string\"}],\"inLanguage\":\"tr\"},{\"@type\":\"Organization\",\"@id\":\"https:\/\/89ajans.com\/#organization\",\"name\":\"89 AJANS\",\"url\":\"https:\/\/89ajans.com\/\",\"logo\":{\"@type\":\"ImageObject\",\"inLanguage\":\"tr\",\"@id\":\"https:\/\/89ajans.com\/#\/schema\/logo\/image\/\",\"url\":\"https:\/\/89ajans.com\/wp-content\/uploads\/2022\/12\/cropped-profil-1.jpg\",\"contentUrl\":\"https:\/\/89ajans.com\/wp-content\/uploads\/2022\/12\/cropped-profil-1.jpg\",\"width\":512,\"height\":512,\"caption\":\"89 AJANS\"},\"image\":{\"@id\":\"https:\/\/89ajans.com\/#\/schema\/logo\/image\/\"},\"sameAs\":[\"https:\/\/www.instagram.com\/89ajans\/\"]}]}<\/script>\n<!-- \/ Yoast SEO plugin. -->","yoast_head_json":{"title":"Blog - 89 D\u0130J\u0130TAL","robots":{"index":"index","follow":"follow","max-snippet":"max-snippet:-1","max-image-preview":"max-image-preview:large","max-video-preview":"max-video-preview:-1"},"canonical":"https:\/\/89ajans.com\/index.php\/https-89ajans-com-index-php-2022-12-22-2023-dijital-pazarlama-trendleri\/","og_locale":"tr_TR","og_type":"article","og_title":"Blog - 89 D\u0130J\u0130TAL","og_url":"https:\/\/89ajans.com\/index.php\/https-89ajans-com-index-php-2022-12-22-2023-dijital-pazarlama-trendleri\/","og_site_name":"89 D\u0130J\u0130TAL","article_modified_time":"2024-10-09T16:16:15+00:00","og_image":[{"url":"http:\/\/89ajans.com\/wp-content\/uploads\/2022\/12\/best-smm-company-7247903.png"}],"twitter_card":"summary_large_image","twitter_misc":{"Tahmini okuma s\u00fcresi":"1 dakika"},"schema":{"@context":"https:\/\/schema.org","@graph":[{"@type":"WebPage","@id":"https:\/\/89ajans.com\/index.php\/https-89ajans-com-index-php-2022-12-22-2023-dijital-pazarlama-trendleri\/","url":"https:\/\/89ajans.com\/index.php\/https-89ajans-com-index-php-2022-12-22-2023-dijital-pazarlama-trendleri\/","name":"Blog - 89 D\u0130J\u0130TAL","isPartOf":{"@id":"https:\/\/89ajans.com\/#website"},"primaryImageOfPage":{"@id":"https:\/\/89ajans.com\/index.php\/https-89ajans-com-index-php-2022-12-22-2023-dijital-pazarlama-trendleri\/#primaryimage"},"image":{"@id":"https:\/\/89ajans.com\/index.php\/https-89ajans-com-index-php-2022-12-22-2023-dijital-pazarlama-trendleri\/#primaryimage"},"thumbnailUrl":"http:\/\/89ajans.com\/wp-content\/uploads\/2022\/12\/best-smm-company-7247903.png","datePublished":"2022-12-22T14:13:19+00:00","dateModified":"2024-10-09T16:16:15+00:00","breadcrumb":{"@id":"https:\/\/89ajans.com\/index.php\/https-89ajans-com-index-php-2022-12-22-2023-dijital-pazarlama-trendleri\/#breadcrumb"},"inLanguage":"tr","potentialAction":[{"@type":"ReadAction","target":["https:\/\/89ajans.com\/index.php\/https-89ajans-com-index-php-2022-12-22-2023-dijital-pazarlama-trendleri\/"]}]},{"@type":"ImageObject","inLanguage":"tr","@id":"https:\/\/89ajans.com\/index.php\/https-89ajans-com-index-php-2022-12-22-2023-dijital-pazarlama-trendleri\/#primaryimage","url":"http:\/\/89ajans.com\/wp-content\/uploads\/2022\/12\/best-smm-company-7247903.png","contentUrl":"http:\/\/89ajans.com\/wp-content\/uploads\/2022\/12\/best-smm-company-7247903.png"},{"@type":"BreadcrumbList","@id":"https:\/\/89ajans.com\/index.php\/https-89ajans-com-index-php-2022-12-22-2023-dijital-pazarlama-trendleri\/#breadcrumb","itemListElement":[{"@type":"ListItem","position":1,"name":"Anasayfa","item":"https:\/\/89ajans.com\/"},{"@type":"ListItem","position":2,"name":"Blog"}]},{"@type":"WebSite","@id":"https:\/\/89ajans.com\/#website","url":"https:\/\/89ajans.com\/","name":"www.89ajans.com","description":"REKLAM AJANSI","publisher":{"@id":"https:\/\/89ajans.com\/#organization"},"potentialAction":[{"@type":"SearchAction","target":{"@type":"EntryPoint","urlTemplate":"https:\/\/89ajans.com\/?s={search_term_string}"},"query-input":"required name=search_term_string"}],"inLanguage":"tr"},{"@type":"Organization","@id":"https:\/\/89ajans.com\/#organization","name":"89 AJANS","url":"https:\/\/89ajans.com\/","logo":{"@type":"ImageObject","inLanguage":"tr","@id":"https:\/\/89ajans.com\/#\/schema\/logo\/image\/","url":"https:\/\/89ajans.com\/wp-content\/uploads\/2022\/12\/cropped-profil-1.jpg","contentUrl":"https:\/\/89ajans.com\/wp-content\/uploads\/2022\/12\/cropped-profil-1.jpg","width":512,"height":512,"caption":"89 AJANS"},"image":{"@id":"https:\/\/89ajans.com\/#\/schema\/logo\/image\/"},"sameAs":["https:\/\/www.instagram.com\/89ajans\/"]}]}},"jetpack_sharing_enabled":true,"_links":{"self":[{"href":"https:\/\/89ajans.com\/index.php\/wp-json\/wp\/v2\/pages\/269"}],"collection":[{"href":"https:\/\/89ajans.com\/index.php\/wp-json\/wp\/v2\/pages"}],"about":[{"href":"https:\/\/89ajans.com\/index.php\/wp-json\/wp\/v2\/types\/page"}],"author":[{"embeddable":true,"href":"https:\/\/89ajans.com\/index.php\/wp-json\/wp\/v2\/users\/1"}],"replies":[{"embeddable":true,"href":"https:\/\/89ajans.com\/index.php\/wp-json\/wp\/v2\/comments?post=269"}],"version-history":[{"count":18,"href":"https:\/\/89ajans.com\/index.php\/wp-json\/wp\/v2\/pages\/269\/revisions"}],"predecessor-version":[{"id":378,"href":"https:\/\/89ajans.com\/index.php\/wp-json\/wp\/v2\/pages\/269\/revisions\/378"}],"wp:attachment":[{"href":"https:\/\/89ajans.com\/index.php\/wp-json\/wp\/v2\/media?parent=269"}],"curies":[{"name":"wp","href":"https:\/\/api.w.org\/{rel}","templated":true}]}}